{"id":2,"date":"2016-05-10T03:48:21","date_gmt":"2016-05-10T03:48:21","guid":{"rendered":"http:\/\/interways.de\/?page_id=2"},"modified":"2025-02-13T18:43:16","modified_gmt":"2025-02-13T18:43:16","slug":"sample-page","status":"publish","type":"page","link":"https:\/\/interways.de\/","title":{"rendered":"Home"},"content":{"rendered":"\n<p class=\"has-text-align-right\">01.11.2024<\/p>\n\n\n\n<p>Liebe Kunden, <\/p>\n\n\n\n<p><\/p>\n\n\n\n<p>bitte beachten Sie, dass wir, wie bereits angek\u00fcndigt, <strong>zum 15.03.2025 unseren interWaysMAIL Email-\/Kalender-\/Kontakte-Hosting Service einstellen.<\/strong> Alle Vertr\u00e4ge werden bzw. wurden nur bis Ende 2024 berechnet und abgebucht.<\/p>\n\n\n\n<p>Wir bedanken uns f\u00fcr 20 Jahre Treue und Vertrauen in unsere Dienste.<\/p>\n\n\n\n<p>Bei uns <strong>gehostete Domains \u00fcbertragen Sie bitte bis Ende 03.2025<\/strong> an einen neuen Hoster, den n\u00f6tigen Auth Code erhalten Sie von uns per Email (info@interways.de)<\/p>\n\n\n\n<p>Ihre <strong>Postfach-Inhalte k\u00f6nnen Sie exportieren<\/strong> (am besten per Outlook als .pst Datei oder \u00fcber unser Webmail https:\/\/ssl.interways.de bei Einstellungen &#8212; Import\/Export).<\/p>\n\n\n\n<p>Diese sind <strong>nach dem 15.03.2025 nicht mehr zug\u00e4nglich, die Daten werden bei uns gel\u00f6scht<\/strong>. Bitte beachten Sie dies bei Ihrer Planung. <\/p>\n\n\n\n<p>Ihr interWaysMAIL Team<\/p>\n\n\n\n<p>Unsere Business Software-Entwicklung l\u00e4uft weiter wie gewohnt.<\/p>\n\n\n\n<p><\/p>\n\n\n\n<p>interWays UG haftungsbeschr\u00e4nkt u. Co. KG UG (haftungsbeschr\u00e4nkt) &amp; Co. KG<br>Berberstr. 16<br>81927 M\u00fcnchen<br>Deutschland<\/p>\n\n\n\n<p>Tel.: 089-4209590790<br>Fax: 089-92401456<br>E-Mail: info@interways.de<\/p>\n\n\n\n<p>Registergericht: Amtsgericht M\u00fcnchen<br>Registernummer: HRA 93379<\/p>\n\n\n\n<p>Vertretungsberechtigte Gesellschafterin (Komplement\u00e4rin): interWays Verwaltungs UG (haftungsbeschr\u00e4nkt), Registergericht: Amtsgericht M\u00fcnchen, Registernummer: HRB 176810, ihrerseits vertreten durch den Gesch\u00e4ftsf\u00fchrer: Christian Heiss<\/p>\n\n\n\n<p>Umsatzsteuer-Identifikationsnummer: DE263241062<\/p>\n\n\n\n<p>Plattform der EU-Kommission zur Online-Streitbeilegung: <a href=\"https:\/\/ec.europa.eu\/odr\">https:\/\/ec.europa.eu\/odr<\/a><\/p>\n\n\n\n<p>Wir sind zur Teilnahme an einem Streitbeilegungsverfahren vor einer Verbraucherschlichtungsstelle nicht verpflichtet, hierzu jedoch bereit.<\/p>\n\n\n\n<p><\/p>\n\n\n\n<p><\/p>\n\n\n\n<p><\/p>\n\n\n\n<h1>Datenschutzerkl&auml;rung<\/h1>\n<h2>1) Einleitung und Kontaktdaten des Verantwortlichen<\/h2>\n<p><b>1.1<\/b>&nbsp;Wir freuen uns, dass Sie unsere Website besuchen und bedanken uns f&uuml;r Ihr Interesse. Im Folgenden informieren wir Sie &uuml;ber den Umgang mit Ihren personenbezogenen Daten bei der Nutzung unserer Website. Personenbezogene Daten sind hierbei alle Daten, mit denen Sie pers&ouml;nlich identifiziert werden k&ouml;nnen.<\/p>\n<p><b>1.2<\/b>&nbsp;Verantwortlicher f&uuml;r die Datenverarbeitung auf dieser Website im Sinne der Datenschutz-Grundverordnung (DSGVO) ist interWays UG haftungsbeschr&auml;nkt u. Co. KG UG (haftungsbeschr&auml;nkt) &amp; Co. KG, Berberstr. 16, 81927 M&uuml;nchen, Deutschland, Tel.: 089-4209590790, Fax: 089-92401456, E-Mail: info@interways.de. Der f&uuml;r die Verarbeitung von personenbezogenen Daten Verantwortliche ist diejenige nat&uuml;rliche oder juristische Person, die allein oder gemeinsam mit anderen &uuml;ber die Zwecke und Mittel der Verarbeitung von personenbezogenen Daten entscheidet.<\/p>\n<p><b>1.3<\/b>&nbsp;Der Verantwortliche hat einen Datenschutzbeauftragten bestellt, dieser ist wie folgt zu erreichen: &quot;Christian Heiss&quot;<\/p>\n<h2>2) Datenerfassung beim Besuch unserer Website<\/h2>\n<p><b>2.1<\/b>&nbsp;Bei der blo&szlig; informatorischen Nutzung unserer Website, also wenn Sie sich nicht registrieren oder uns anderweitig Informationen &uuml;bermitteln, erheben wir nur solche Daten, die Ihr Browser an den Seitenserver &uuml;bermittelt (sog. &bdquo;Server-Logfiles&#8220;). Wenn Sie unsere Website aufrufen, erheben wir die folgenden Daten, die f&uuml;r uns technisch erforderlich sind, um Ihnen die Website anzuzeigen:<\/p>\n<ul>\n<li>Unsere besuchte Website<\/li>\n<li>Datum und Uhrzeit zum Zeitpunkt des Zugriffes<\/li>\n<li>Menge der gesendeten Daten in Byte<\/li>\n<li>Quelle\/Verweis, von welchem Sie auf die Seite gelangten<\/li>\n<li>Verwendeter Browser<\/li>\n<li>Verwendetes Betriebssystem<\/li>\n<li>Verwendete IP-Adresse (ggf.: in anonymisierter Form)<\/li>\n<\/ul>\n<p>Die Verarbeitung erfolgt gem&auml;&szlig; Art. 6 Abs. 1 lit. f DSGVO auf Basis unseres berechtigten Interesses an der Verbesserung der Stabilit&auml;t und Funktionalit&auml;t unserer Website. Eine Weitergabe oder anderweitige Verwendung der Daten findet nicht statt. Wir behalten uns allerdings vor, die Server-Logfiles nachtr&auml;glich zu &uuml;berpr&uuml;fen, sollten konkrete Anhaltspunkte auf eine rechtswidrige Nutzung hinweisen.<\/p>\n<p><b>2.2<\/b>&nbsp;Diese Website nutzt aus Sicherheitsgr&uuml;nden und zum Schutz der &Uuml;bertragung personenbezogener Daten und anderer vertraulicher Inhalte (z.B. Bestellungen oder Anfragen an den Verantwortlichen) eine SSL-bzw. TLS-Verschl&uuml;sselung. Sie k&ouml;nnen eine verschl&uuml;sselte Verbindung an der Zeichenfolge &bdquo;https:\/\/&#8220; und dem Schloss-Symbol in Ihrer Browserzeile erkennen.<\/p>\n<h2>3) Hosting &amp; Content-Delivery-Network<\/h2>\n<p><b>3.1<\/b>&nbsp;F&uuml;r das Hosting unserer Website und die Darstellung der Seiteninhalte nutzen wir einen Anbieter, der seine Leistungen selbst oder durch ausgew&auml;hlte Sub-Unternehmer ausschlie&szlig;lich auf Servern innerhalb der Europ&auml;ischen Union erbringt.<\/p>\n<p>S&auml;mtliche auf unserer Website erhobenen Daten werden auf diesen Servern verarbeitet.<\/p>\n<p>Wir haben mit dem Anbieter einen Auftragsverarbeitungsvertrag geschlossen, der den Schutz der Daten unserer Seitenbesucher sicherstellt und eine unberechtigte Weitergabe an Dritte untersagt.<\/p>\n<p><b>3.2<\/b>&nbsp;Cloudflare<\/p>\n<p>Wir nutzen ein Content Delivery Network des folgenden Anbieters: Cloudflare Inc., 101 Townsend St. San Francisco, CA 94107, USA<\/p>\n<p>Dieser Dienst erm&ouml;glicht uns, gro&szlig;e Mediendateien wie Grafiken, Seiteninhalte oder Skripte &uuml;ber ein Netz regional verteilter Server schneller auszuliefern. Die Verarbeitung erfolgt zur Wahrung unseres berechtigten Interesses an der Verbesserung der Stabilit&auml;t und Funktionalit&auml;t unserer Website gem. Art. 6 Abs. 1 lit. f DSGVO. Wir haben mit dem Anbieter einen Auftragsverarbeitungsvertrag geschlossen, der den Schutz der Daten unserer Seitenbesucher sicherstellt und eine unberechtigte Weitergabe an Dritte untersagt.<\/p>\n<p>F&uuml;r Daten&uuml;bermittlungen in die USA hat sich der Anbieter dem EU-US-Datenschutzrahmen (EU-US Data Privacy Framework) angeschlossen, das auf Basis eines Angemessenheitsbeschlusses der Europ&auml;ischen Kommission die Einhaltung des europ&auml;ischen Datenschutzniveaus sicherstellt.<\/p>\n<h2>4) Cookies<\/h2>\n<p>Um den Besuch unserer Website attraktiv zu gestalten und die Nutzung bestimmter Funktionen zu erm&ouml;glichen, verwenden wir Cookies, also kleine Textdateien, die auf Ihrem Endger&auml;t abgelegt werden. Teilweise werden diese Cookies nach Schlie&szlig;en des Browsers automatisch wieder gel&ouml;scht (sog. &bdquo;Session-Cookies&#8220;), teilweise verbleiben diese Cookies l&auml;nger auf Ihrem Endger&auml;t und erm&ouml;glichen das Speichern von Seiteneinstellungen (sog. &bdquo;persistente Cookies&#8220;). Im letzteren Fall k&ouml;nnen Sie die Speicherdauer der &Uuml;bersicht zu den Cookie-Einstellungen Ihres Webbrowsers entnehmen.<\/p>\n<p>Sofern durch einzelne von uns eingesetzte Cookies auch personenbezogene Daten verarbeitet werden, erfolgt die Verarbeitung gem&auml;&szlig; Art. 6 Abs. 1 lit. b DSGVO entweder zur Durchf&uuml;hrung des Vertrages, gem&auml;&szlig; Art. 6 Abs. 1 lit. a DSGVO im Falle einer erteilten Einwilligung oder gem&auml;&szlig; Art. 6 Abs. 1 lit. f DSGVO zur Wahrung unserer berechtigten Interessen an der bestm&ouml;glichen Funktionalit&auml;t der Website sowie einer kundenfreundlichen und effektiven Ausgestaltung des Seitenbesuchs.<\/p>\n<p>Sie k&ouml;nnen Ihren Browser so einstellen, dass Sie &uuml;ber das Setzen von Cookies informiert werden und einzeln &uuml;ber deren Annahme entscheiden oder die Annahme von Cookies f&uuml;r bestimmte F&auml;lle oder generell ausschlie&szlig;en k&ouml;nnen.<\/p>\n<p>Bitte beachten Sie, dass bei Nichtannahme von Cookies die Funktionalit&auml;t unserer Website eingeschr&auml;nkt sein kann.<\/p>\n<h2>5) Kontaktaufnahme<\/h2>\n<p>Im Rahmen der Kontaktaufnahme mit uns (z.B. per Kontaktformular oder E-Mail) werden personenbezogene Daten erhoben. Welche Daten im Falle der Nutzung eines Kontaktformulars erhoben werden, ist aus dem jeweiligen Kontaktformular ersichtlich. Diese Daten werden ausschlie&szlig;lich zum Zweck der Beantwortung Ihres Anliegens bzw. f&uuml;r die Kontaktaufnahme und die damit verbundene technische Administration gespeichert und verwendet.<\/p>\n<p>Rechtsgrundlage f&uuml;r die Verarbeitung dieser Daten ist unser berechtigtes Interesse an der Beantwortung Ihres Anliegens gem&auml;&szlig; Art. 6 Abs. 1 lit. f DSGVO. Zielt Ihre Kontaktierung auf den Abschluss eines Vertrages ab, so ist zus&auml;tzliche Rechtsgrundlage f&uuml;r die Verarbeitung Art. 6 Abs. 1 lit. b DSGVO. Ihre Daten werden nach abschlie&szlig;ender Bearbeitung Ihrer Anfrage gel&ouml;scht. Dies ist der Fall, wenn sich aus den Umst&auml;nden entnehmen l&auml;sst, dass der betroffene Sachverhalt abschlie&szlig;end gekl&auml;rt ist und sofern keine gesetzlichen Aufbewahrungspflichten entgegenstehen.<\/p>\n<h2>6) Rechte des Betroffenen<\/h2>\n<p><b>6.1<\/b>&nbsp;Das geltende Datenschutzrecht gew&auml;hrt Ihnen gegen&uuml;ber dem Verantwortlichen hinsichtlich der Verarbeitung Ihrer personenbezogenen Daten die nachstehenden Betroffenenrechte (Auskunfts- und Interventionsrechte), wobei f&uuml;r die jeweiligen Aus&uuml;bungsvoraussetzungen auf die angef&uuml;hrte Rechtsgrundlage verwiesen wird:<\/p>\n<ul>\n<li>Auskunftsrecht gem&auml;&szlig; Art. 15 DSGVO;<\/li>\n<li>Recht auf Berichtigung gem&auml;&szlig; Art. 16 DSGVO;<\/li>\n<li>Recht auf L&ouml;schung gem&auml;&szlig; Art. 17 DSGVO;<\/li>\n<li>Recht auf Einschr&auml;nkung der Verarbeitung gem&auml;&szlig; Art. 18 DSGVO;<\/li>\n<li>Recht auf Unterrichtung gem&auml;&szlig; Art. 19 DSGVO;<\/li>\n<li>Recht auf Daten&uuml;bertragbarkeit gem&auml;&szlig; Art. 20 DSGVO;<\/li>\n<li>Recht auf Widerruf erteilter Einwilligungen gem&auml;&szlig; Art. 7 Abs. 3 DSGVO;<\/li>\n<li>Recht auf Beschwerde gem&auml;&szlig; Art. 77 DSGVO.<\/li>\n<\/ul>\n<p><b>6.2<\/b>&nbsp;WIDERSPRUCHSRECHT<\/p>\n<p>WENN WIR IM RAHMEN EINER INTERESSENABW&Auml;GUNG IHRE PERSONENBEZOGENEN DATEN AUFGRUND UNSERES &Uuml;BERWIEGENDEN BERECHTIGTEN INTERESSES VERARBEITEN, HABEN SIE DAS JEDERZEITIGE RECHT, AUS GR&Uuml;NDEN, DIE SICH AUS IHRER BESONDEREN SITUATION ERGEBEN, GEGEN DIESE VERARBEITUNG WIDERSPRUCH MIT WIRKUNG F&Uuml;R DIE ZUKUNFT EINZULEGEN.<\/p>\n<p>MACHEN SIE VON IHREM WIDERSPRUCHSRECHT GEBRAUCH, BEENDEN WIR DIE VERARBEITUNG DER BETROFFENEN DATEN. EINE WEITERVERARBEITUNG BLEIBT ABER VORBEHALTEN, WENN WIR ZWINGENDE SCHUTZW&Uuml;RDIGE GR&Uuml;NDE F&Uuml;R DIE VERARBEITUNG NACHWEISEN K&Ouml;NNEN, DIE IHRE INTERESSEN, GRUNDRECHTE UND GRUNDFREIHEITEN &Uuml;BERWIEGEN, ODER WENN DIE VERARBEITUNG DER GELTENDMACHUNG, AUS&Uuml;BUNG ODER VERTEIDIGUNG VON RECHTSANSPR&Uuml;CHEN DIENT.<\/p>\n<p>WERDEN IHRE PERSONENBEZOGENEN DATEN VON UNS VERARBEITET, UM DIREKTWERBUNG ZU BETREIBEN, HABEN SIE DAS RECHT, JEDERZEIT WIDERSPRUCH GEGEN DIE VERARBEITUNG SIE BETREFFENDER PERSONENBEZOGENER DATEN ZUM ZWECKE DERARTIGER WERBUNG EINZULEGEN. SIE K&Ouml;NNEN DEN WIDERSPRUCH WIE OBEN BESCHRIEBEN AUS&Uuml;BEN.<\/p>\n<p>MACHEN SIE VON IHREM WIDERSPRUCHSRECHT GEBRAUCH, BEENDEN WIR DIE VERARBEITUNG DER BETROFFENEN DATEN ZU DIREKTWERBEZWECKEN.<\/p>\n<h2>7) Dauer der Speicherung personenbezogener Daten<\/h2>\n<p>Die Dauer der Speicherung von personenbezogenen Daten bemisst sich anhand der jeweiligen Rechtsgrundlage, am Verarbeitungszweck und &ndash; sofern einschl&auml;gig &ndash; zus&auml;tzlich anhand der jeweiligen gesetzlichen Aufbewahrungsfrist (z.B. handels- und steuerrechtliche Aufbewahrungsfristen).<\/p>\n<p>Bei der Verarbeitung von personenbezogenen Daten auf Grundlage einer ausdr&uuml;cklichen Einwilligung gem&auml;&szlig; Art. 6 Abs. 1 lit. a DSGVO werden die betroffenen Daten so lange gespeichert, bis Sie Ihre Einwilligung widerrufen.<\/p>\n<p>Existieren gesetzliche Aufbewahrungsfristen f&uuml;r Daten, die im Rahmen rechtsgesch&auml;ftlicher bzw. rechtsgesch&auml;fts&auml;hnlicher Verpflichtungen auf der Grundlage von Art. 6 Abs. 1 lit. b DSGVO verarbeitet werden, werden diese Daten nach Ablauf der Aufbewahrungsfristen routinem&auml;&szlig;ig gel&ouml;scht, sofern sie nicht mehr zur Vertragserf&uuml;llung oder Vertragsanbahnung erforderlich sind und\/oder unsererseits kein berechtigtes Interesse an der Weiterspeicherung fortbesteht.<\/p>\n<p>Bei der Verarbeitung von personenbezogenen Daten auf Grundlage von Art. 6 Abs. 1 lit. f DSGVO werden diese Daten so lange gespeichert, bis Sie Ihr Widerspruchsrecht nach Art. 21 Abs. 1 DSGVO aus&uuml;ben, es sei denn, wir k&ouml;nnen zwingende schutzw&uuml;rdige Gr&uuml;nde f&uuml;r die Verarbeitung nachweisen, die Ihre Interessen, Rechte und Freiheiten &uuml;berwiegen, oder die Verarbeitung dient der Geltendmachung, Aus&uuml;bung oder Verteidigung von Rechtsanspr&uuml;chen.<\/p>\n<p>Bei der Verarbeitung von personenbezogenen Daten zum Zwecke der Direktwerbung auf Grundlage von Art. 6 Abs. 1 lit. f DSGVO werden diese Daten so lange gespeichert, bis Sie Ihr Widerspruchsrecht nach Art. 21 Abs. 2 DSGVO aus&uuml;ben.<\/p>\n<p>Sofern sich aus den sonstigen Informationen dieser Erkl&auml;rung &uuml;ber spezifische Verarbeitungssituationen nichts anderes ergibt, werden gespeicherte personenbezogene Daten im &Uuml;brigen dann gel&ouml;scht, wenn sie f&uuml;r die Zwecke, f&uuml;r die sie erhoben oder auf sonstige Weise verarbeitet wurden, nicht mehr notwendig sind.<\/p>\n","protected":false},"excerpt":{"rendered":"<p>01.11.2024 Liebe Kunden, bitte beachten Sie, dass wir, wie bereits angek\u00fcndigt, zum 15.03.2025 unseren interWaysMAIL Email-\/Kalender-\/Kontakte-Hosting Service einstellen. Alle Vertr\u00e4ge werden bzw. wurden nur bis Ende 2024 berechnet und abgebucht. Wir bedanken uns f\u00fcr 20 Jahre Treue und Vertrauen in unsere Dienste. Bei uns gehostete Domains \u00fcbertragen Sie bitte bis Ende 03.2025 an einen neuen [&hellip;]<\/p>\n","protected":false},"author":1,"featured_media":0,"parent":0,"menu_order":0,"comment_status":"closed","ping_status":"open","template":"","meta":{"footnotes":""},"class_list":["post-2","page","type-page","status-publish","hentry"],"_links":{"self":[{"href":"https:\/\/interways.de\/index.php?rest_route=\/wp\/v2\/pages\/2","targetHints":{"allow":["GET"]}}],"collection":[{"href":"https:\/\/interways.de\/index.php?rest_route=\/wp\/v2\/pages"}],"about":[{"href":"https:\/\/interways.de\/index.php?rest_route=\/wp\/v2\/types\/page"}],"author":[{"embeddable":true,"href":"https:\/\/interways.de\/index.php?rest_route=\/wp\/v2\/users\/1"}],"replies":[{"embeddable":true,"href":"https:\/\/interways.de\/index.php?rest_route=%2Fwp%2Fv2%2Fcomments&post=2"}],"version-history":[{"count":18,"href":"https:\/\/interways.de\/index.php?rest_route=\/wp\/v2\/pages\/2\/revisions"}],"predecessor-version":[{"id":33,"href":"https:\/\/interways.de\/index.php?rest_route=\/wp\/v2\/pages\/2\/revisions\/33"}],"wp:attachment":[{"href":"https:\/\/interways.de\/index.php?rest_route=%2Fwp%2Fv2%2Fmedia&parent=2"}],"curies":[{"name":"wp","href":"https:\/\/api.w.org\/{rel}","templated":true}]}}